{"id":1905,"date":"2017-03-24T13:18:43","date_gmt":"2017-03-24T13:18:43","guid":{"rendered":"https:\/\/argituz.org\/?page_id=1905\/"},"modified":"2018-05-18T11:06:09","modified_gmt":"2018-05-18T11:06:09","slug":"cookie-politika","status":"publish","type":"page","link":"https:\/\/argituz.org\/eu\/cookie-politika\/","title":{"rendered":"Cookie politika"},"content":{"rendered":"<p>[et_pb_section bb_built=&#8221;1&#8243; admin_label=&#8221;section&#8221;][et_pb_row admin_label=&#8221;row&#8221; background_position=&#8221;top_left&#8221; background_repeat=&#8221;repeat&#8221; background_size=&#8221;initial&#8221;][et_pb_column type=&#8221;4_4&#8243;][et_pb_text use_border_color=&#8221;off&#8221; background_position=&#8221;top_left&#8221; background_repeat=&#8221;repeat&#8221; background_size=&#8221;initial&#8221; _builder_version=&#8221;3.2.2&#8243;]<\/p>\n<h2 style=\"text-align: center;\">Pol\u00edtica de cookies<\/h2>\n<p><span style=\"font-size: 14pt;\"><strong>Qu\u00e9 son las Cookies<\/strong><\/span><\/p>\n<p style=\"text-align: justify;\">Una cookie es un fichero que se descarga en su ordenador al acceder a determinadas p\u00e1ginas web. Las cookies permiten a una p\u00e1gina web, entre otras cosas, almacenar y recuperar informaci\u00f3n sobre los h\u00e1bitos de navegaci\u00f3n de un usuario o de su equipo y, dependiendo de la informaci\u00f3n que contengan y de la forma en que se utilice su equipo, pueden servir para reconocerlo.<\/p>\n<p style=\"text-align: justify;\">No obstante, estos medios s\u00f3lo obtienen informaci\u00f3n relacionada con el n\u00famero de p\u00e1ginas visitadas, la ciudad a la que est\u00e1 asignada la direcci\u00f3n IP desde la que se accede, el n\u00famero de nuevos usuarios, la frecuencia y reincidencia delas visitas, el tiempo de visita, el navegador o el operador o tipo de terminal desde el que se realiza la visita.<\/p>\n<p style=\"text-align: justify;\">En ning\u00fan caso se obtienen datos sobre el nombre, apellidos, direcci\u00f3n postal u otros datos an\u00e1logos del usuario que se ha conectado.<\/p>\n<p style=\"text-align: justify;\"><span style=\"font-size: 14pt;\"><strong>Qu\u00e9 Cookies utilizamos<\/strong><\/span><\/p>\n<p style=\"text-align: justify;\"><strong>Cookies t\u00e9cnicas:<\/strong> Son las que, creadas y gestionadas exclusivamente por nosotros, nos permiten ajustar y personalizar el servicio a tus necesidades. La web Argituz.ORG utiliza las siguientes cookies t\u00e9cnicas propias, siendo la denominaci\u00f3n y la concreta finalidad de cada una de ellas las siguientes:<\/p>\n<ul style=\"text-align: justify;\">\n<li>_pll-language: Esta cookie especifica la configuraci\u00f3n del lenguaje del usuario<\/li>\n<li>_ga: Habilita la funci\u00f3n de control de visitas \u00fanicas. La primera vez que un usuario entre en el sitio a trav\u00e9s de un navegador se instalar\u00e1 esta cookie. Cuando este usuario vuelva a entrar en la p\u00e1gina con el mismo navegador, la cookie considerar\u00e1 que es el mismo usuario. Solo en el caso de que el usuario cambie de navegador, Google Analytics lo considerar\u00e1 otro usuario. Caduca a los dos a\u00f1os.<\/li>\n<li>_gat: Permite diferenciar entre los diferentes objetos de seguimiento que se crean en la sesi\u00f3n. Caduca al cerrar la sesi\u00f3n.<\/li>\n<\/ul>\n<p style=\"text-align: justify;\">Cookies de An\u00e1lisis: Las cookies utilizadas en Argituz.ORG son las que genera Google Analitycs, siendo la denominaci\u00f3n y la concreta finalidad de cada una de ellas las siguientes:<\/p>\n<ul style=\"text-align: justify;\">\n<li>__utma: Caduca 2 a\u00f1os desde la \u00faltima actualizaci\u00f3n. Esta cookie genera un ID de usuario \u00fanico y registra la fecha, la primera y la \u00faltima vez que el usuario visti\u00f3 la web. Se utiliza para hacer recuento de cuantas veces visita el sitio un usuario \u00fanico.<\/li>\n<li>__utmb: Caduca a los 30 minutos de la \u00faltima actualizaci\u00f3n. Esta cookie registra la hora de llegada a la p\u00e1gina y caduca a los 30 minutos del \u00faltimo registro de p\u00e1gina vista. Se elimina autom\u00e1ticamente al cambiar de web o al cerrar el navegador. Sirve para calcular el tiempo que un usuario permanece en una p\u00e1gina.<\/li>\n<li>__utmc: Esta cookie tiene una finalidad similar a la anterior pero para las webs donde est\u00e1 instalado el antiguo c\u00f3digo de seguimiento urchin.js.<\/li>\n<li>__utmz: Caduca a los 6 meses. Esta cookie almacena el origen del visitante, el camino que ha seguido para acceder a la web ya sea acceso directo, desde un link en otra web, desde un enlace de correo electr\u00f3nico, empleando determinadas palabras clave en un motor de b\u00fasqueda,a trav\u00e9s de una campa\u00f1a de display, o por medio de un anuncio de AdWords. Esta cookie se utiliza para calcular el tr\u00e1fico que proviene de motores de b\u00fasqueda (org\u00e1nico y PPC), las campa\u00f1as publicitarias en display y la navegaci\u00f3n dentro de la misma web (enlaces internos). La cookie se actualiza en cada visita a la web.<\/li>\n<\/ul>\n<p style=\"text-align: justify;\"><span style=\"font-size: 14pt;\"><strong>C\u00f3mo desactivar las Cookies<\/strong><\/span><\/p>\n<p style=\"text-align: justify;\">Todos los navegadores web modernos incluyen mecanismos sencillos para gestionar las cookies y su funcionamiento.<br \/>\nPara conocer m\u00e1s acerca de c\u00f3mo gestionarlo en tu navegador, puedes consultar alguno de los siguientes enlaces:<\/p>\n<p style=\"text-align: justify;\">Si utilizas Google Chrome, clica <a href=\"https:\/\/support.google.com\/chrome\/answer\/95647?hl=es\" target=\"_blank\" rel=\"noopener\">aqu\u00ed<\/a><br \/>\nSi utilizas Mozilla Firefox, clica <a href=\"https:\/\/support.mozilla.org\/es\/kb\/habilitar-y-deshabilitar-cookies-sitios-web-rastrear-preferencias?redirectlocale=es&amp;redirectslug=habilitar-y-deshabilitar-cookies-que-los-sitios-we\" target=\"_blank\" rel=\"noopener\">aqu\u00ed<\/a><br \/>\nSi utilizas Opera, clica <a href=\"http:\/\/help.opera.com\/Windows\/11.50\/es-ES\/cookies.html\" target=\"_blank\" rel=\"noopener\">aqu\u00ed<\/a><br \/>\nSi utilizas Internet Explorer, clica <a href=\"https:\/\/support.microsoft.com\/es-es\/products\/windows?os=windows-7\" target=\"_blank\" rel=\"noopener\">aqu\u00ed<\/a><br \/>\nSi utilizas Safari, clica <a href=\"https:\/\/support.apple.com\/kb\/ph5042?locale=es_ES\" target=\"_blank\" rel=\"noopener\">aqu\u00ed<\/a><\/p>\n<p style=\"text-align: justify;\">Si utilizas alg\u00fan otro navegador web, consulte su documentaci\u00f3n oficial. Le informamos, no obstante, de la posibilidad de que la desactivaci\u00f3n de alguna cookie impida o dificulte la navegaci\u00f3n o la prestaci\u00f3n de los servicios ofrecidos en esta Web.<\/p>\n<p>[\/et_pb_text][\/et_pb_column][\/et_pb_row][\/et_pb_section]<\/p>\n","protected":false},"excerpt":{"rendered":"<p>Pol\u00edtica de cookies Qu\u00e9 son las Cookies Una cookie es un fichero que se descarga en su ordenador al acceder a determinadas p\u00e1ginas web. Las cookies permiten a una p\u00e1gina web, entre otras cosas, almacenar y recuperar informaci\u00f3n sobre los h\u00e1bitos de navegaci\u00f3n de un usuario o de su equipo y, dependiendo de la informaci\u00f3n [&hellip;]<\/p>\n","protected":false},"author":1,"featured_media":0,"parent":0,"menu_order":0,"comment_status":"closed","ping_status":"closed","template":"","meta":{"_et_pb_use_builder":"on","_et_pb_old_content":"","_et_gb_content_width":"","footnotes":""},"class_list":["post-1905","page","type-page","status-publish","hentry"],"yoast_head":"<!-- This site is optimized with the Yoast SEO plugin v27.4 - https:\/\/yoast.com\/product\/yoast-seo-wordpress\/ -->\n<title>Cookie politika - Argituz<\/title>\n<meta name=\"robots\" content=\"noindex, nofollow\" \/>\n<meta property=\"og:locale\" content=\"en_US\" \/>\n<meta property=\"og:type\" content=\"article\" \/>\n<meta property=\"og:title\" content=\"Cookie politika - Argituz\" \/>\n<meta property=\"og:description\" content=\"Pol\u00edtica de cookies Qu\u00e9 son las Cookies Una cookie es un fichero que se descarga en su ordenador al acceder a determinadas p\u00e1ginas web. Las cookies permiten a una p\u00e1gina web, entre otras cosas, almacenar y recuperar informaci\u00f3n sobre los h\u00e1bitos de navegaci\u00f3n de un usuario o de su equipo y, dependiendo de la informaci\u00f3n [&hellip;]\" \/>\n<meta property=\"og:url\" content=\"https:\/\/argituz.org\/eu\/cookie-politika\/\" \/>\n<meta property=\"og:site_name\" content=\"Argituz\" \/>\n<meta property=\"article:publisher\" content=\"https:\/\/www.facebook.com\/argituz\/\" \/>\n<meta property=\"article:modified_time\" content=\"2018-05-18T11:06:09+00:00\" \/>\n<meta property=\"og:image\" content=\"https:\/\/argituz.org\/wp-content\/uploads\/2017\/03\/logo-cabecera-1.png\" \/>\n\t<meta property=\"og:image:width\" content=\"472\" \/>\n\t<meta property=\"og:image:height\" content=\"220\" \/>\n\t<meta property=\"og:image:type\" content=\"image\/png\" \/>\n<meta name=\"twitter:card\" content=\"summary_large_image\" \/>\n<meta name=\"twitter:label1\" content=\"Est. reading time\" \/>\n\t<meta name=\"twitter:data1\" content=\"4 minutua\" \/>\n<script type=\"application\/ld+json\" class=\"yoast-schema-graph\">{\"@context\":\"https:\\\/\\\/schema.org\",\"@graph\":[{\"@type\":\"WebPage\",\"@id\":\"https:\\\/\\\/argituz.org\\\/eu\\\/cookie-politika\\\/\",\"url\":\"https:\\\/\\\/argituz.org\\\/eu\\\/cookie-politika\\\/\",\"name\":\"Cookie politika - Argituz\",\"isPartOf\":{\"@id\":\"https:\\\/\\\/argituz.org\\\/#website\"},\"datePublished\":\"2017-03-24T13:18:43+00:00\",\"dateModified\":\"2018-05-18T11:06:09+00:00\",\"breadcrumb\":{\"@id\":\"https:\\\/\\\/argituz.org\\\/eu\\\/cookie-politika\\\/#breadcrumb\"},\"inLanguage\":\"eu\",\"potentialAction\":[{\"@type\":\"ReadAction\",\"target\":[\"https:\\\/\\\/argituz.org\\\/eu\\\/cookie-politika\\\/\"]}]},{\"@type\":\"BreadcrumbList\",\"@id\":\"https:\\\/\\\/argituz.org\\\/eu\\\/cookie-politika\\\/#breadcrumb\",\"itemListElement\":[{\"@type\":\"ListItem\",\"position\":1,\"name\":\"Argituz\",\"item\":\"https:\\\/\\\/argituz.org\\\/eu\\\/argituz\\\/\"},{\"@type\":\"ListItem\",\"position\":2,\"name\":\"Cookie politika\"}]},{\"@type\":\"WebSite\",\"@id\":\"https:\\\/\\\/argituz.org\\\/#website\",\"url\":\"https:\\\/\\\/argituz.org\\\/\",\"name\":\"Argituz\",\"description\":\"Asociaci\u00f3n Pro Derechos Humanos\",\"publisher\":{\"@id\":\"https:\\\/\\\/argituz.org\\\/#organization\"},\"potentialAction\":[{\"@type\":\"SearchAction\",\"target\":{\"@type\":\"EntryPoint\",\"urlTemplate\":\"https:\\\/\\\/argituz.org\\\/?s={search_term_string}\"},\"query-input\":{\"@type\":\"PropertyValueSpecification\",\"valueRequired\":true,\"valueName\":\"search_term_string\"}}],\"inLanguage\":\"eu\"},{\"@type\":\"Organization\",\"@id\":\"https:\\\/\\\/argituz.org\\\/#organization\",\"name\":\"Argituz\",\"url\":\"https:\\\/\\\/argituz.org\\\/\",\"logo\":{\"@type\":\"ImageObject\",\"inLanguage\":\"eu\",\"@id\":\"https:\\\/\\\/argituz.org\\\/#\\\/schema\\\/logo\\\/image\\\/\",\"url\":\"https:\\\/\\\/argituz.org\\\/wp-content\\\/uploads\\\/2017\\\/03\\\/logo-cabecera-2.png\",\"contentUrl\":\"https:\\\/\\\/argituz.org\\\/wp-content\\\/uploads\\\/2017\\\/03\\\/logo-cabecera-2.png\",\"width\":472,\"height\":220,\"caption\":\"Argituz\"},\"image\":{\"@id\":\"https:\\\/\\\/argituz.org\\\/#\\\/schema\\\/logo\\\/image\\\/\"},\"sameAs\":[\"https:\\\/\\\/www.facebook.com\\\/argituz\\\/\"]}]}<\/script>\n<!-- \/ Yoast SEO plugin. -->","yoast_head_json":{"title":"Cookie politika - Argituz","robots":{"index":"noindex","follow":"nofollow"},"og_locale":"en_US","og_type":"article","og_title":"Cookie politika - Argituz","og_description":"Pol\u00edtica de cookies Qu\u00e9 son las Cookies Una cookie es un fichero que se descarga en su ordenador al acceder a determinadas p\u00e1ginas web. Las cookies permiten a una p\u00e1gina web, entre otras cosas, almacenar y recuperar informaci\u00f3n sobre los h\u00e1bitos de navegaci\u00f3n de un usuario o de su equipo y, dependiendo de la informaci\u00f3n [&hellip;]","og_url":"https:\/\/argituz.org\/eu\/cookie-politika\/","og_site_name":"Argituz","article_publisher":"https:\/\/www.facebook.com\/argituz\/","article_modified_time":"2018-05-18T11:06:09+00:00","og_image":[{"width":472,"height":220,"url":"https:\/\/argituz.org\/wp-content\/uploads\/2017\/03\/logo-cabecera-1.png","type":"image\/png"}],"twitter_card":"summary_large_image","twitter_misc":{"Est. reading time":"4 minutua"},"schema":{"@context":"https:\/\/schema.org","@graph":[{"@type":"WebPage","@id":"https:\/\/argituz.org\/eu\/cookie-politika\/","url":"https:\/\/argituz.org\/eu\/cookie-politika\/","name":"Cookie politika - Argituz","isPartOf":{"@id":"https:\/\/argituz.org\/#website"},"datePublished":"2017-03-24T13:18:43+00:00","dateModified":"2018-05-18T11:06:09+00:00","breadcrumb":{"@id":"https:\/\/argituz.org\/eu\/cookie-politika\/#breadcrumb"},"inLanguage":"eu","potentialAction":[{"@type":"ReadAction","target":["https:\/\/argituz.org\/eu\/cookie-politika\/"]}]},{"@type":"BreadcrumbList","@id":"https:\/\/argituz.org\/eu\/cookie-politika\/#breadcrumb","itemListElement":[{"@type":"ListItem","position":1,"name":"Argituz","item":"https:\/\/argituz.org\/eu\/argituz\/"},{"@type":"ListItem","position":2,"name":"Cookie politika"}]},{"@type":"WebSite","@id":"https:\/\/argituz.org\/#website","url":"https:\/\/argituz.org\/","name":"Argituz","description":"Asociaci\u00f3n Pro Derechos Humanos","publisher":{"@id":"https:\/\/argituz.org\/#organization"},"potentialAction":[{"@type":"SearchAction","target":{"@type":"EntryPoint","urlTemplate":"https:\/\/argituz.org\/?s={search_term_string}"},"query-input":{"@type":"PropertyValueSpecification","valueRequired":true,"valueName":"search_term_string"}}],"inLanguage":"eu"},{"@type":"Organization","@id":"https:\/\/argituz.org\/#organization","name":"Argituz","url":"https:\/\/argituz.org\/","logo":{"@type":"ImageObject","inLanguage":"eu","@id":"https:\/\/argituz.org\/#\/schema\/logo\/image\/","url":"https:\/\/argituz.org\/wp-content\/uploads\/2017\/03\/logo-cabecera-2.png","contentUrl":"https:\/\/argituz.org\/wp-content\/uploads\/2017\/03\/logo-cabecera-2.png","width":472,"height":220,"caption":"Argituz"},"image":{"@id":"https:\/\/argituz.org\/#\/schema\/logo\/image\/"},"sameAs":["https:\/\/www.facebook.com\/argituz\/"]}]}},"_links":{"self":[{"href":"https:\/\/argituz.org\/eu\/wp-json\/wp\/v2\/pages\/1905","targetHints":{"allow":["GET"]}}],"collection":[{"href":"https:\/\/argituz.org\/eu\/wp-json\/wp\/v2\/pages"}],"about":[{"href":"https:\/\/argituz.org\/eu\/wp-json\/wp\/v2\/types\/page"}],"author":[{"embeddable":true,"href":"https:\/\/argituz.org\/eu\/wp-json\/wp\/v2\/users\/1"}],"replies":[{"embeddable":true,"href":"https:\/\/argituz.org\/eu\/wp-json\/wp\/v2\/comments?post=1905"}],"version-history":[{"count":0,"href":"https:\/\/argituz.org\/eu\/wp-json\/wp\/v2\/pages\/1905\/revisions"}],"wp:attachment":[{"href":"https:\/\/argituz.org\/eu\/wp-json\/wp\/v2\/media?parent=1905"}],"curies":[{"name":"wp","href":"https:\/\/api.w.org\/{rel}","templated":true}]}}